{"id":1985,"date":"2025-01-19T23:04:58","date_gmt":"2025-01-19T23:04:58","guid":{"rendered":"https:\/\/www.futurize.es\/?page_id=1985"},"modified":"2025-01-19T23:05:58","modified_gmt":"2025-01-19T23:05:58","slug":"sitios-que-visitar-2","status":"publish","type":"page","link":"https:\/\/www.futurize.es\/en\/apartments\/beachandcityvalencia\/que-hacer-en-valencia\/sitios-que-visitar-2\/","title":{"rendered":"The City of Arts and Sciences"},"content":{"rendered":"<p><strong>The City of Arts and Sciences<\/strong><\/p>\n\n\n\n<p id=\"block-dcdb10c6-4df5-4b23-aa6f-4ca9427431db\">The <strong>The City of Arts and Sciences<\/strong> is one of Valencia\u2019s top tourist attractions and an internationally renowned architectural masterpiece. Designed by the prestigious architects Santiago Calatrava and F\u00e9lix Candela, this avant-garde complex offers a unique experience that combines science, art, and nature in a spectacular setting.<\/p>\n\n\n\n<p>Located in the former riverbed of the Turia River, the City of Arts and Sciences consists of several iconic buildings:<\/p>\n\n\n\n<div class=\"wp-block-media-text is-stacked-on-mobile\" style=\"grid-template-columns:52% auto\"><figure class=\"wp-block-media-text__media\"><img loading=\"lazy\" decoding=\"async\" width=\"1024\" height=\"683\" src=\"https:\/\/www.futurize.es\/wp-content\/uploads\/2025\/01\/Ciutat_de_les_Arts_i_les_Ciencies-1024x683.jpg\" alt=\"\" class=\"wp-image-1929 size-full\" srcset=\"https:\/\/www.futurize.es\/wp-content\/uploads\/2025\/01\/Ciutat_de_les_Arts_i_les_Ciencies-1024x683.jpg 1024w, https:\/\/www.futurize.es\/wp-content\/uploads\/2025\/01\/Ciutat_de_les_Arts_i_les_Ciencies-300x200.jpg 300w, https:\/\/www.futurize.es\/wp-content\/uploads\/2025\/01\/Ciutat_de_les_Arts_i_les_Ciencies-768x512.jpg 768w, https:\/\/www.futurize.es\/wp-content\/uploads\/2025\/01\/Ciutat_de_les_Arts_i_les_Ciencies-1536x1024.jpg 1536w, https:\/\/www.futurize.es\/wp-content\/uploads\/2025\/01\/Ciutat_de_les_Arts_i_les_Ciencies-2048x1366.jpg 2048w, https:\/\/www.futurize.es\/wp-content\/uploads\/2025\/01\/Ciutat_de_les_Arts_i_les_Ciencies-18x12.jpg 18w\" sizes=\"auto, (max-width: 1024px) 100vw, 1024px\" \/><\/figure><div class=\"wp-block-media-text__content\">\n<ul class=\"wp-block-list\">\n<li><strong>L'Hemisf\u00e8ric:<\/strong> An impressive IMAX cinema and planetarium with a futuristic architecture shaped like a human eye.<\/li>\n\n\n\n<li><strong>Principe Felipe Science Museum:<\/strong> An interactive space where visitors can learn about science and technology in a fun and innovative way.<\/li>\n\n\n\n<li><strong>L'Oceanogr\u00e0fic:<\/strong> The largest aquarium in Europe, home to thousands of marine species, including spectacular dolphin and shark exhibits.<\/li>\n\n\n\n<li><strong>Palau de les Arts Reina Sof\u00eda:<\/strong> A cultural landmark dedicated to performing arts and opera.<\/li>\n\n\n\n<li><strong>L'Umbracle:<\/strong> A landscaped walkway with stunning views of the complex, featuring native plant species and a popular nightlife terrace.<\/li>\n<\/ul>\n<\/div><\/div>\n\n\n\n<p>In addition to its architectural and cultural value, the City of Arts and Sciences is the perfect place to stroll, enjoy cultural events, and participate in educational activities for the whole family.<\/p>\n\n\n\n<p><strong>Opening Hours and Tickets:<\/strong><br>The complex is open year-round and offers various types of tickets for each attraction, as well as combined packages to make the most of your visit.<\/p>\n\n\n\n<p><strong>Location:<\/strong><br>Avinguda del Professor L\u00f3pez Pi\u00f1ero, 7, 46013 Valencia, Spain.<\/p>\n\n\n\n<p><a href=\"https:\/\/maps.app.goo.gl\/u55yz2h8NLfZ9zod8\" target=\"_blank\" rel=\"noopener\" title=\"View location on Google Maps\">View location on Google Maps<\/a><\/p>\n\n\n\n<p class=\"has-text-align-center\"><a href=\"https:\/\/www.futurize.es\/en\/apartments\/beachandcityvalencia\/que-hacer-en-valencia\/sitios-que-visitar\/\" title=\"Places to Visit\">Back to \u00abPlaces to Visit\u00bb<\/a><\/p>\n\n\n\n<p><\/p>","protected":false},"excerpt":{"rendered":"<p>La Ciudad de las Artes y las Ciencias La Ciudad de las Artes y las Ciencias es uno de los principales atractivos tur\u00edsticos de Valencia y una obra arquitect\u00f3nica de renombre internacional. Dise\u00f1ada por los prestigiosos arquitectos Santiago Calatrava y F\u00e9lix Candela, este complejo vanguardista ofrece una experiencia \u00fanica que combina ciencia, arte y naturaleza [&hellip;]<\/p>","protected":false},"author":1,"featured_media":0,"parent":1885,"menu_order":0,"comment_status":"closed","ping_status":"closed","template":"","meta":{"_uag_custom_page_level_css":"","site-sidebar-layout":"default","site-content-layout":"","ast-site-content-layout":"default","site-content-style":"default","site-sidebar-style":"default","ast-global-header-display":"","ast-banner-title-visibility":"","ast-main-header-display":"","ast-hfb-above-header-display":"","ast-hfb-below-header-display":"","ast-hfb-mobile-header-display":"","site-post-title":"","ast-breadcrumbs-content":"","ast-featured-img":"","footer-sml-layout":"","theme-transparent-header-meta":"","adv-header-id-meta":"","stick-header-meta":"","header-above-stick-meta":"","header-main-stick-meta":"","header-below-stick-meta":"","astra-migrate-meta-layouts":"set","ast-page-background-enabled":"default","ast-page-background-meta":{"desktop":{"background-color":"","background-image":"","background-repeat":"repeat","background-position":"center center","background-size":"auto","background-attachment":"scroll","background-type":"","background-media":"","overlay-type":"","overlay-color":"","overlay-opacity":"","overlay-gradient":""},"tablet":{"background-color":"","background-image":"","background-repeat":"repeat","background-position":"center center","background-size":"auto","background-attachment":"scroll","background-type":"","background-media":"","overlay-type":"","overlay-color":"","overlay-opacity":"","overlay-gradient":""},"mobile":{"background-color":"","background-image":"","background-repeat":"repeat","background-position":"center center","background-size":"auto","background-attachment":"scroll","background-type":"","background-media":"","overlay-type":"","overlay-color":"","overlay-opacity":"","overlay-gradient":""}},"ast-content-background-meta":{"desktop":{"background-color":"var(--ast-global-color-5)","background-image":"","background-repeat":"repeat","background-position":"center center","background-size":"auto","background-attachment":"scroll","background-type":"","background-media":"","overlay-type":"","overlay-color":"","overlay-opacity":"","overlay-gradient":""},"tablet":{"background-color":"var(--ast-global-color-5)","background-image":"","background-repeat":"repeat","background-position":"center center","background-size":"auto","background-attachment":"scroll","background-type":"","background-media":"","overlay-type":"","overlay-color":"","overlay-opacity":"","overlay-gradient":""},"mobile":{"background-color":"var(--ast-global-color-5)","background-image":"","background-repeat":"repeat","background-position":"center center","background-size":"auto","background-attachment":"scroll","background-type":"","background-media":"","overlay-type":"","overlay-color":"","overlay-opacity":"","overlay-gradient":""}},"footnotes":""},"categories":[8],"tags":[],"class_list":["post-1985","page","type-page","status-publish","hentry","category-beach-and-city-valencia"],"aioseo_notices":[],"uagb_featured_image_src":{"full":false,"thumbnail":false,"medium":false,"medium_large":false,"large":false,"1536x1536":false,"2048x2048":false,"trp-custom-language-flag":false},"uagb_author_info":{"display_name":"animateclay@hotmail.com","author_link":"https:\/\/www.futurize.es\/en\/author\/animateclayhotmail-com\/"},"uagb_comment_info":0,"uagb_excerpt":"La Ciudad de las Artes y las Ciencias La Ciudad de las Artes y las Ciencias es uno de los principales atractivos tur\u00edsticos de Valencia y una obra arquitect\u00f3nica de renombre internacional. Dise\u00f1ada por los prestigiosos arquitectos Santiago Calatrava y F\u00e9lix Candela, este complejo vanguardista ofrece una experiencia \u00fanica que combina ciencia, arte y naturaleza&hellip;","_links":{"self":[{"href":"https:\/\/www.futurize.es\/en\/wp-json\/wp\/v2\/pages\/1985","targetHints":{"allow":["GET"]}}],"collection":[{"href":"https:\/\/www.futurize.es\/en\/wp-json\/wp\/v2\/pages"}],"about":[{"href":"https:\/\/www.futurize.es\/en\/wp-json\/wp\/v2\/types\/page"}],"author":[{"embeddable":true,"href":"https:\/\/www.futurize.es\/en\/wp-json\/wp\/v2\/users\/1"}],"replies":[{"embeddable":true,"href":"https:\/\/www.futurize.es\/en\/wp-json\/wp\/v2\/comments?post=1985"}],"version-history":[{"count":3,"href":"https:\/\/www.futurize.es\/en\/wp-json\/wp\/v2\/pages\/1985\/revisions"}],"predecessor-version":[{"id":1988,"href":"https:\/\/www.futurize.es\/en\/wp-json\/wp\/v2\/pages\/1985\/revisions\/1988"}],"up":[{"embeddable":true,"href":"https:\/\/www.futurize.es\/en\/wp-json\/wp\/v2\/pages\/1885"}],"wp:attachment":[{"href":"https:\/\/www.futurize.es\/en\/wp-json\/wp\/v2\/media?parent=1985"}],"wp:term":[{"taxonomy":"category","embeddable":true,"href":"https:\/\/www.futurize.es\/en\/wp-json\/wp\/v2\/categories?post=1985"},{"taxonomy":"post_tag","embeddable":true,"href":"https:\/\/www.futurize.es\/en\/wp-json\/wp\/v2\/tags?post=1985"}],"curies":[{"name":"wp","href":"https:\/\/api.w.org\/{rel}","templated":true}]}}