{"id":1952,"date":"2025-01-19T21:06:09","date_gmt":"2025-01-19T21:06:09","guid":{"rendered":"https:\/\/www.futurize.es\/?page_id=1952"},"modified":"2025-01-19T22:58:10","modified_gmt":"2025-01-19T22:58:10","slug":"playa-de-la-malvarrosa","status":"publish","type":"page","link":"https:\/\/www.futurize.es\/en\/apartments\/beachandcityvalencia\/que-hacer-en-valencia\/playas-y-naturaleza\/playa-de-la-malvarrosa\/","title":{"rendered":"Malvarrosa Beach"},"content":{"rendered":"<p id=\"block-dcdb10c6-4df5-4b23-aa6f-4ca9427431db\">Located on the coast of Valencia, Malvarrosa Beach is one of the city's most iconic and busiest beaches. With its wide stretch of golden sand and calm waters, it is the perfect place to enjoy the sun, the sea, and a wide range of outdoor activities.<\/p>\n\n\n\n<p>Strolling along its beautiful promenade, you will find a variety of restaurants, beach bars, and caf\u00e9s where you can savor the traditional <strong>Valencian paella<\/strong> and other local delicacies.<\/p>\n\n\n\n<div class=\"wp-block-media-text is-stacked-on-mobile\"><figure class=\"wp-block-media-text__media\"><img loading=\"lazy\" decoding=\"async\" width=\"830\" height=\"400\" src=\"https:\/\/www.futurize.es\/wp-content\/uploads\/2025\/01\/Playa-Malvarrosa.jpg\" alt=\"\" class=\"wp-image-1947 size-full\" srcset=\"https:\/\/www.futurize.es\/wp-content\/uploads\/2025\/01\/Playa-Malvarrosa.jpg 830w, https:\/\/www.futurize.es\/wp-content\/uploads\/2025\/01\/Playa-Malvarrosa-300x145.jpg 300w, https:\/\/www.futurize.es\/wp-content\/uploads\/2025\/01\/Playa-Malvarrosa-768x370.jpg 768w, https:\/\/www.futurize.es\/wp-content\/uploads\/2025\/01\/Playa-Malvarrosa-18x9.jpg 18w\" sizes=\"auto, (max-width: 830px) 100vw, 830px\" \/><\/figure><div class=\"wp-block-media-text__content\">\n<p><strong>Available Services:<\/strong> Showers, sunbed and umbrella rentals, lifeguards, sports areas, and playgrounds.<\/p>\n\n\n\n<p><strong>Sports Activities:<\/strong> From beach volleyball to water sports such as paddle surfing and kayaking.<\/p>\n\n\n\n<p><strong>Cultural Events and Nightlife:<\/strong> During the summer, the beach hosts festivals, concerts, and artisanal markets.<\/p>\n<\/div><\/div>\n\n\n\n<p>Ideal for both families and travelers looking to relax by the Mediterranean, Malvarrosa Beach is a must-visit destination for anyone coming to Valencia.<\/p>\n\n\n\n<p><strong>Location:<\/strong><br>Playa de la Malvarrosa, Valencia, Espa\u00f1a.<\/p>\n\n\n\n<p><a href=\"https:\/\/maps.app.goo.gl\/d1oH5HHAggf4HzBa6\" target=\"_blank\" rel=\"noopener\" title=\"View location on Google Maps\">View location on Google Maps<\/a><\/p>\n\n\n\n<p class=\"has-text-align-center\"><a href=\"https:\/\/www.futurize.es\/en\/apartments\/beachandcityvalencia\/que-hacer-en-valencia\/playas-y-naturaleza\/\" title=\"Beaches and Nature\">Back to \u00abBeaches and Nature\u00bb<\/a><\/p>","protected":false},"excerpt":{"rendered":"<p>Situada en la costa de Valencia, es una de las playas m\u00e1s emblem\u00e1ticas y concurridas de la ciudad. Con su extensa franja de arena dorada y aguas tranquilas, es el lugar perfecto para disfrutar del sol, el mar y un sinf\u00edn de actividades al aire libre. Paseando por su hermoso paseo mar\u00edtimo, encontrar\u00e1s una gran [&hellip;]<\/p>","protected":false},"author":1,"featured_media":0,"parent":1895,"menu_order":0,"comment_status":"closed","ping_status":"closed","template":"","meta":{"_uag_custom_page_level_css":"","site-sidebar-layout":"default","site-content-layout":"","ast-site-content-layout":"default","site-content-style":"default","site-sidebar-style":"default","ast-global-header-display":"","ast-banner-title-visibility":"","ast-main-header-display":"","ast-hfb-above-header-display":"","ast-hfb-below-header-display":"","ast-hfb-mobile-header-display":"","site-post-title":"","ast-breadcrumbs-content":"","ast-featured-img":"","footer-sml-layout":"","theme-transparent-header-meta":"","adv-header-id-meta":"","stick-header-meta":"","header-above-stick-meta":"","header-main-stick-meta":"","header-below-stick-meta":"","astra-migrate-meta-layouts":"set","ast-page-background-enabled":"default","ast-page-background-meta":{"desktop":{"background-color":"","background-image":"","background-repeat":"repeat","background-position":"center center","background-size":"auto","background-attachment":"scroll","background-type":"","background-media":"","overlay-type":"","overlay-color":"","overlay-opacity":"","overlay-gradient":""},"tablet":{"background-color":"","background-image":"","background-repeat":"repeat","background-position":"center center","background-size":"auto","background-attachment":"scroll","background-type":"","background-media":"","overlay-type":"","overlay-color":"","overlay-opacity":"","overlay-gradient":""},"mobile":{"background-color":"","background-image":"","background-repeat":"repeat","background-position":"center center","background-size":"auto","background-attachment":"scroll","background-type":"","background-media":"","overlay-type":"","overlay-color":"","overlay-opacity":"","overlay-gradient":""}},"ast-content-background-meta":{"desktop":{"background-color":"var(--ast-global-color-5)","background-image":"","background-repeat":"repeat","background-position":"center center","background-size":"auto","background-attachment":"scroll","background-type":"","background-media":"","overlay-type":"","overlay-color":"","overlay-opacity":"","overlay-gradient":""},"tablet":{"background-color":"var(--ast-global-color-5)","background-image":"","background-repeat":"repeat","background-position":"center center","background-size":"auto","background-attachment":"scroll","background-type":"","background-media":"","overlay-type":"","overlay-color":"","overlay-opacity":"","overlay-gradient":""},"mobile":{"background-color":"var(--ast-global-color-5)","background-image":"","background-repeat":"repeat","background-position":"center center","background-size":"auto","background-attachment":"scroll","background-type":"","background-media":"","overlay-type":"","overlay-color":"","overlay-opacity":"","overlay-gradient":""}},"footnotes":""},"categories":[8],"tags":[],"class_list":["post-1952","page","type-page","status-publish","hentry","category-beach-and-city-valencia"],"aioseo_notices":[],"uagb_featured_image_src":{"full":false,"thumbnail":false,"medium":false,"medium_large":false,"large":false,"1536x1536":false,"2048x2048":false,"trp-custom-language-flag":false},"uagb_author_info":{"display_name":"animateclay@hotmail.com","author_link":"https:\/\/www.futurize.es\/en\/author\/animateclayhotmail-com\/"},"uagb_comment_info":0,"uagb_excerpt":"Situada en la costa de Valencia, es una de las playas m\u00e1s emblem\u00e1ticas y concurridas de la ciudad. Con su extensa franja de arena dorada y aguas tranquilas, es el lugar perfecto para disfrutar del sol, el mar y un sinf\u00edn de actividades al aire libre. Paseando por su hermoso paseo mar\u00edtimo, encontrar\u00e1s una gran&hellip;","_links":{"self":[{"href":"https:\/\/www.futurize.es\/en\/wp-json\/wp\/v2\/pages\/1952","targetHints":{"allow":["GET"]}}],"collection":[{"href":"https:\/\/www.futurize.es\/en\/wp-json\/wp\/v2\/pages"}],"about":[{"href":"https:\/\/www.futurize.es\/en\/wp-json\/wp\/v2\/types\/page"}],"author":[{"embeddable":true,"href":"https:\/\/www.futurize.es\/en\/wp-json\/wp\/v2\/users\/1"}],"replies":[{"embeddable":true,"href":"https:\/\/www.futurize.es\/en\/wp-json\/wp\/v2\/comments?post=1952"}],"version-history":[{"count":2,"href":"https:\/\/www.futurize.es\/en\/wp-json\/wp\/v2\/pages\/1952\/revisions"}],"predecessor-version":[{"id":1978,"href":"https:\/\/www.futurize.es\/en\/wp-json\/wp\/v2\/pages\/1952\/revisions\/1978"}],"up":[{"embeddable":true,"href":"https:\/\/www.futurize.es\/en\/wp-json\/wp\/v2\/pages\/1895"}],"wp:attachment":[{"href":"https:\/\/www.futurize.es\/en\/wp-json\/wp\/v2\/media?parent=1952"}],"wp:term":[{"taxonomy":"category","embeddable":true,"href":"https:\/\/www.futurize.es\/en\/wp-json\/wp\/v2\/categories?post=1952"},{"taxonomy":"post_tag","embeddable":true,"href":"https:\/\/www.futurize.es\/en\/wp-json\/wp\/v2\/tags?post=1952"}],"curies":[{"name":"wp","href":"https:\/\/api.w.org\/{rel}","templated":true}]}}