{"id":1887,"date":"2025-01-18T23:56:13","date_gmt":"2025-01-18T23:56:13","guid":{"rendered":"https:\/\/www.futurize.es\/?page_id=1887"},"modified":"2025-01-19T23:09:14","modified_gmt":"2025-01-19T23:09:14","slug":"sitios-que-visitar","status":"publish","type":"page","link":"https:\/\/www.futurize.es\/en\/apartments\/beachandcityvalencia\/que-hacer-en-valencia\/sitios-que-visitar\/","title":{"rendered":"Places to Visit"},"content":{"rendered":"<p><strong>The City of Arts and Sciences<\/strong><\/p>\n\n\n\n<p id=\"block-dcdb10c6-4df5-4b23-aa6f-4ca9427431db\">Located in the former riverbed of the Turia River, the <strong>The City of Arts and Sciences<\/strong> is an iconic architectural complex in Valencia that combines science, art, and nature.<\/p>\n\n\n\n<div class=\"wp-block-media-text is-stacked-on-mobile\" style=\"grid-template-columns:52% auto\"><figure class=\"wp-block-media-text__media\"><img loading=\"lazy\" decoding=\"async\" width=\"1024\" height=\"683\" src=\"https:\/\/www.futurize.es\/wp-content\/uploads\/2025\/01\/Ciutat_de_les_Arts_i_les_Ciencies-1024x683.jpg\" alt=\"\" class=\"wp-image-1929 size-full\" srcset=\"https:\/\/www.futurize.es\/wp-content\/uploads\/2025\/01\/Ciutat_de_les_Arts_i_les_Ciencies-1024x683.jpg 1024w, https:\/\/www.futurize.es\/wp-content\/uploads\/2025\/01\/Ciutat_de_les_Arts_i_les_Ciencies-300x200.jpg 300w, https:\/\/www.futurize.es\/wp-content\/uploads\/2025\/01\/Ciutat_de_les_Arts_i_les_Ciencies-768x512.jpg 768w, https:\/\/www.futurize.es\/wp-content\/uploads\/2025\/01\/Ciutat_de_les_Arts_i_les_Ciencies-1536x1024.jpg 1536w, https:\/\/www.futurize.es\/wp-content\/uploads\/2025\/01\/Ciutat_de_les_Arts_i_les_Ciencies-2048x1366.jpg 2048w, https:\/\/www.futurize.es\/wp-content\/uploads\/2025\/01\/Ciutat_de_les_Arts_i_les_Ciencies-18x12.jpg 18w\" sizes=\"auto, (max-width: 1024px) 100vw, 1024px\" \/><\/figure><div class=\"wp-block-media-text__content\">\n<p>Designed by Santiago Calatrava and F\u00e9lix Candela, it features impressive structures such as <strong>L\u2019Hemisf\u00e8ric<\/strong>, a futuristic IMAX cinema; the <strong>Science Museum<\/strong>an interactive space for fun and educational learning; and the <strong>Oceanogr\u00e0fic<\/strong>, the largest aquarium in Europe.<\/p>\n\n\n\n<p>Additionally, it houses the <strong>Palau de les Arts Reina Sof\u00eda<\/strong>, dedicated to opera, and <strong>L\u2019Umbracle<\/strong>, a garden with spectacular views.<\/p>\n\n\n\n<p><a href=\"https:\/\/www.futurize.es\/en\/apartments\/beachandcityvalencia\/que-hacer-en-valencia\/sitios-que-visitar-2\/\" title=\"The City of Arts and Sciences\">More information about <strong>The City of Arts and Sciences<\/strong><\/a><\/p>\n<\/div><\/div>","protected":false},"excerpt":{"rendered":"<p>La Ciudad de las Artes y las Ciencias Ubicada en el antiguo cauce del r\u00edo Turia, la Ciudad de las Artes y las Ciencias es un ic\u00f3nico complejo arquitect\u00f3nico de Valencia que combina ciencia, arte y naturaleza. Dise\u00f1ada por Santiago Calatrava y F\u00e9lix Candela, cuenta con impresionantes estructuras como L\u2019Hemisf\u00e8ric, un cine IMAX futurista; el [&hellip;]<\/p>","protected":false},"author":1,"featured_media":0,"parent":1885,"menu_order":0,"comment_status":"closed","ping_status":"closed","template":"","meta":{"_uag_custom_page_level_css":"","site-sidebar-layout":"default","site-content-layout":"","ast-site-content-layout":"default","site-content-style":"default","site-sidebar-style":"default","ast-global-header-display":"","ast-banner-title-visibility":"","ast-main-header-display":"","ast-hfb-above-header-display":"","ast-hfb-below-header-display":"","ast-hfb-mobile-header-display":"","site-post-title":"","ast-breadcrumbs-content":"","ast-featured-img":"","footer-sml-layout":"","theme-transparent-header-meta":"","adv-header-id-meta":"","stick-header-meta":"","header-above-stick-meta":"","header-main-stick-meta":"","header-below-stick-meta":"","astra-migrate-meta-layouts":"set","ast-page-background-enabled":"default","ast-page-background-meta":{"desktop":{"background-color":"","background-image":"","background-repeat":"repeat","background-position":"center center","background-size":"auto","background-attachment":"scroll","background-type":"","background-media":"","overlay-type":"","overlay-color":"","overlay-opacity":"","overlay-gradient":""},"tablet":{"background-color":"","background-image":"","background-repeat":"repeat","background-position":"center center","background-size":"auto","background-attachment":"scroll","background-type":"","background-media":"","overlay-type":"","overlay-color":"","overlay-opacity":"","overlay-gradient":""},"mobile":{"background-color":"","background-image":"","background-repeat":"repeat","background-position":"center center","background-size":"auto","background-attachment":"scroll","background-type":"","background-media":"","overlay-type":"","overlay-color":"","overlay-opacity":"","overlay-gradient":""}},"ast-content-background-meta":{"desktop":{"background-color":"var(--ast-global-color-5)","background-image":"","background-repeat":"repeat","background-position":"center center","background-size":"auto","background-attachment":"scroll","background-type":"","background-media":"","overlay-type":"","overlay-color":"","overlay-opacity":"","overlay-gradient":""},"tablet":{"background-color":"var(--ast-global-color-5)","background-image":"","background-repeat":"repeat","background-position":"center center","background-size":"auto","background-attachment":"scroll","background-type":"","background-media":"","overlay-type":"","overlay-color":"","overlay-opacity":"","overlay-gradient":""},"mobile":{"background-color":"var(--ast-global-color-5)","background-image":"","background-repeat":"repeat","background-position":"center center","background-size":"auto","background-attachment":"scroll","background-type":"","background-media":"","overlay-type":"","overlay-color":"","overlay-opacity":"","overlay-gradient":""}},"footnotes":""},"categories":[8],"tags":[],"class_list":["post-1887","page","type-page","status-publish","hentry","category-beach-and-city-valencia"],"aioseo_notices":[],"uagb_featured_image_src":{"full":false,"thumbnail":false,"medium":false,"medium_large":false,"large":false,"1536x1536":false,"2048x2048":false,"trp-custom-language-flag":false},"uagb_author_info":{"display_name":"animateclay@hotmail.com","author_link":"https:\/\/www.futurize.es\/en\/author\/animateclayhotmail-com\/"},"uagb_comment_info":0,"uagb_excerpt":"La Ciudad de las Artes y las Ciencias Ubicada en el antiguo cauce del r\u00edo Turia, la Ciudad de las Artes y las Ciencias es un ic\u00f3nico complejo arquitect\u00f3nico de Valencia que combina ciencia, arte y naturaleza. Dise\u00f1ada por Santiago Calatrava y F\u00e9lix Candela, cuenta con impresionantes estructuras como L\u2019Hemisf\u00e8ric, un cine IMAX futurista; el&hellip;","_links":{"self":[{"href":"https:\/\/www.futurize.es\/en\/wp-json\/wp\/v2\/pages\/1887","targetHints":{"allow":["GET"]}}],"collection":[{"href":"https:\/\/www.futurize.es\/en\/wp-json\/wp\/v2\/pages"}],"about":[{"href":"https:\/\/www.futurize.es\/en\/wp-json\/wp\/v2\/types\/page"}],"author":[{"embeddable":true,"href":"https:\/\/www.futurize.es\/en\/wp-json\/wp\/v2\/users\/1"}],"replies":[{"embeddable":true,"href":"https:\/\/www.futurize.es\/en\/wp-json\/wp\/v2\/comments?post=1887"}],"version-history":[{"count":12,"href":"https:\/\/www.futurize.es\/en\/wp-json\/wp\/v2\/pages\/1887\/revisions"}],"predecessor-version":[{"id":1992,"href":"https:\/\/www.futurize.es\/en\/wp-json\/wp\/v2\/pages\/1887\/revisions\/1992"}],"up":[{"embeddable":true,"href":"https:\/\/www.futurize.es\/en\/wp-json\/wp\/v2\/pages\/1885"}],"wp:attachment":[{"href":"https:\/\/www.futurize.es\/en\/wp-json\/wp\/v2\/media?parent=1887"}],"wp:term":[{"taxonomy":"category","embeddable":true,"href":"https:\/\/www.futurize.es\/en\/wp-json\/wp\/v2\/categories?post=1887"},{"taxonomy":"post_tag","embeddable":true,"href":"https:\/\/www.futurize.es\/en\/wp-json\/wp\/v2\/tags?post=1887"}],"curies":[{"name":"wp","href":"https:\/\/api.w.org\/{rel}","templated":true}]}}